{"id":24760,"date":"2020-03-29T12:32:07","date_gmt":"2020-03-29T10:32:07","guid":{"rendered":"http:\/\/nerdenthum.de\/?page_id=24760"},"modified":"2020-04-08T15:32:03","modified_gmt":"2020-04-08T13:32:03","slug":"beat-saber-auf-quest-custom-songs","status":"publish","type":"page","link":"https:\/\/nerdenthum.de\/index.php\/beat-saber-auf-quest-custom-songs\/","title":{"rendered":"Beat Saber auf Quest &#8211; Custom Songs"},"content":{"rendered":"\n<p>Ich habe mal auf Deutsch zusammen gefasst was man tun muss um Custom Songs in Beat Saber auf der Quest zu nutzen. Das ganze l\u00e4uft \u00fcber das Programm BMBF.<\/p>\n\n\n\n<h2 class=\"wp-block-heading\">Voraussetzungen<\/h2>\n\n\n\n<p>Zun\u00e4chst ben\u00f6tigst Du nat\u00fcrlich eine <a href=\"https:\/\/www.oculus.com\/quest\/\">Oculus Quest<\/a> (klar) und das <a href=\"https:\/\/www.oculus.com\/experiences\/quest\/2448060205267927\">Spiel Beat Saber<\/a> in der Originalversion f\u00fcr die Quest.<\/p>\n\n\n\n<p>Dann noch ein USB 3.0 Kabel. Vorsicht, das mitgelieferte Kabel mag zwar USB-C Anschl\u00fcsse haben, ist aber nur ein 2.0 Kabel. Ich habe ein <a href=\"https:\/\/www.amazon.de\/dp\/B01MZIPYPY\/\">Anker Powerline<\/a> Kabel benutzt.<\/p>\n\n\n\n<p>Zudem muss die Oculus Software installiert sein und damit die Verbindung zum Headset funktionieren.<\/p>\n\n\n\n<h2 class=\"wp-block-heading\">Sidequest<\/h2>\n\n\n\n<p>Als n\u00e4chstes muss man <a href=\"https:\/\/sidequestvr.com\/#\/download\">Sidequest <\/a>in der aktuellsten Version runter laden. Nach der Installation Neustart des Rechners nicht vergessen.<\/p>\n\n\n\n<h2 class=\"wp-block-heading\">Update (Optional)<\/h2>\n\n\n\n<p>Solltest Du Beat Saber und \/ oder BMBF schon installiert haben so kannst Du jetzt Deine Quest anschlie\u00dfen und die zugeh\u00f6rigen Dateien sichern.<\/p>\n\n\n\n<p>Dazu in Sidequest auf &#8222;Currently Installed Apps&#8220; klicken:<\/p>\n\n\n\n<figure class=\"wp-block-image size-large\"><img data-recalc-dims=\"1\" loading=\"lazy\" decoding=\"async\" width=\"640\" height=\"97\" src=\"https:\/\/i0.wp.com\/nerdenthum.de\/wp-content\/uploads\/2020\/03\/image.png?resize=640%2C97&#038;ssl=1\" alt=\"\" class=\"wp-image-24761\" srcset=\"https:\/\/i0.wp.com\/nerdenthum.de\/wp-content\/uploads\/2020\/03\/image.png?w=1024&amp;ssl=1 1024w, https:\/\/i0.wp.com\/nerdenthum.de\/wp-content\/uploads\/2020\/03\/image.png?resize=300%2C45&amp;ssl=1 300w, https:\/\/i0.wp.com\/nerdenthum.de\/wp-content\/uploads\/2020\/03\/image.png?resize=768%2C116&amp;ssl=1 768w\" sizes=\"auto, (max-width: 640px) 100vw, 640px\" \/><\/figure>\n\n\n\n<p>Dann auf das Zahnrad hinter &#8222;Beat Saber&#8220; klicken:<\/p>\n\n\n\n<figure class=\"wp-block-image size-large\"><img data-recalc-dims=\"1\" loading=\"lazy\" decoding=\"async\" width=\"640\" height=\"176\" src=\"https:\/\/i0.wp.com\/nerdenthum.de\/wp-content\/uploads\/2020\/03\/image-1.png?resize=640%2C176&#038;ssl=1\" alt=\"\" class=\"wp-image-24762\" srcset=\"https:\/\/i0.wp.com\/nerdenthum.de\/wp-content\/uploads\/2020\/03\/image-1.png?w=1024&amp;ssl=1 1024w, https:\/\/i0.wp.com\/nerdenthum.de\/wp-content\/uploads\/2020\/03\/image-1.png?resize=300%2C82&amp;ssl=1 300w, https:\/\/i0.wp.com\/nerdenthum.de\/wp-content\/uploads\/2020\/03\/image-1.png?resize=768%2C211&amp;ssl=1 768w\" sizes=\"auto, (max-width: 640px) 100vw, 640px\" \/><\/figure>\n\n\n\n<p>Im folgenden Fenster nach unten scrollen und &#8222;Backup Game Data&#8220; ausw\u00e4hlen:<\/p>\n\n\n\n<figure class=\"wp-block-image size-large\"><img data-recalc-dims=\"1\" loading=\"lazy\" decoding=\"async\" width=\"567\" height=\"547\" src=\"https:\/\/i0.wp.com\/nerdenthum.de\/wp-content\/uploads\/2020\/03\/image-2.png?resize=567%2C547&#038;ssl=1\" alt=\"\" class=\"wp-image-24763\" srcset=\"https:\/\/i0.wp.com\/nerdenthum.de\/wp-content\/uploads\/2020\/03\/image-2.png?w=567&amp;ssl=1 567w, https:\/\/i0.wp.com\/nerdenthum.de\/wp-content\/uploads\/2020\/03\/image-2.png?resize=300%2C289&amp;ssl=1 300w\" sizes=\"auto, (max-width: 567px) 100vw, 567px\" \/><\/figure>\n\n\n\n<h2 class=\"wp-block-heading\">Alles zu Beat Saber l\u00f6schen <\/h2>\n\n\n\n<p>Nun muss alles was mit Beat Saber und BMBF gel\u00f6scht werden. Das sind bei mir folgende Apps:<\/p>\n\n\n\n<figure class=\"wp-block-image size-large\"><img data-recalc-dims=\"1\" loading=\"lazy\" decoding=\"async\" width=\"640\" height=\"480\" src=\"https:\/\/i0.wp.com\/nerdenthum.de\/wp-content\/uploads\/2020\/03\/image-3.png?resize=640%2C480&#038;ssl=1\" alt=\"\" class=\"wp-image-24764\" srcset=\"https:\/\/i0.wp.com\/nerdenthum.de\/wp-content\/uploads\/2020\/03\/image-3.png?w=1024&amp;ssl=1 1024w, https:\/\/i0.wp.com\/nerdenthum.de\/wp-content\/uploads\/2020\/03\/image-3.png?resize=300%2C225&amp;ssl=1 300w, https:\/\/i0.wp.com\/nerdenthum.de\/wp-content\/uploads\/2020\/03\/image-3.png?resize=768%2C576&amp;ssl=1 768w\" sizes=\"auto, (max-width: 640px) 100vw, 640px\" \/><\/figure>\n\n\n\n<p>Jeweilt auf das Zahnrad klicken und dann &#8222;Uninstall App&#8220; ausw\u00e4hlen.<\/p>\n\n\n\n<h2 class=\"wp-block-heading\">Beat Saber installieren<\/h2>\n\n\n\n<p>Beat Saber muss nun normal \u00fcber den Shop der Quest installiert werden.<\/p>\n\n\n\n<figure class=\"wp-block-image size-large\"><img loading=\"lazy\" decoding=\"async\" width=\"1440\" height=\"785\" src=\"https:\/\/i2.wp.com\/nerdenthum.de\/wp-content\/uploads\/2020\/03\/image-6.png?fit=780%2C425&amp;ssl=1\" alt=\"\" class=\"wp-image-24767\" srcset=\"https:\/\/i0.wp.com\/nerdenthum.de\/wp-content\/uploads\/2020\/03\/image-6.png?w=1440&amp;ssl=1 1440w, https:\/\/i0.wp.com\/nerdenthum.de\/wp-content\/uploads\/2020\/03\/image-6.png?resize=300%2C164&amp;ssl=1 300w, https:\/\/i0.wp.com\/nerdenthum.de\/wp-content\/uploads\/2020\/03\/image-6.png?resize=1024%2C558&amp;ssl=1 1024w, https:\/\/i0.wp.com\/nerdenthum.de\/wp-content\/uploads\/2020\/03\/image-6.png?resize=768%2C419&amp;ssl=1 768w, https:\/\/i0.wp.com\/nerdenthum.de\/wp-content\/uploads\/2020\/03\/image-6.png?w=1280 1280w\" sizes=\"auto, (max-width: 640px) 100vw, 640px\" \/><\/figure>\n\n\n\n<p>Dann Beat Saber einmal normal starten und wieder beenden.<\/p>\n\n\n\n<figure class=\"wp-block-image size-large\"><img data-recalc-dims=\"1\" loading=\"lazy\" decoding=\"async\" width=\"640\" height=\"640\" src=\"https:\/\/i0.wp.com\/nerdenthum.de\/wp-content\/uploads\/2020\/03\/image-7.png?resize=640%2C640&#038;ssl=1\" alt=\"\" class=\"wp-image-24768\" srcset=\"https:\/\/i0.wp.com\/nerdenthum.de\/wp-content\/uploads\/2020\/03\/image-7.png?w=720&amp;ssl=1 720w, https:\/\/i0.wp.com\/nerdenthum.de\/wp-content\/uploads\/2020\/03\/image-7.png?resize=300%2C300&amp;ssl=1 300w, https:\/\/i0.wp.com\/nerdenthum.de\/wp-content\/uploads\/2020\/03\/image-7.png?resize=150%2C150&amp;ssl=1 150w, https:\/\/i0.wp.com\/nerdenthum.de\/wp-content\/uploads\/2020\/03\/image-7.png?resize=200%2C200&amp;ssl=1 200w\" sizes=\"auto, (max-width: 640px) 100vw, 640px\" \/><\/figure>\n\n\n\n<h2 class=\"wp-block-heading\">BMBF installieren<\/h2>\n\n\n\n<p>Nun muss die App BMBF installiert werden in einer Version die zur aktuellen Version von Beat Saber passt. <s>Zu finden ist die aktuell Version hier:  <a href=\"https:\/\/github.com\/kihecido\/BMBF\/releases\">https:\/\/github.com\/kihecido\/BMBF\/releases<\/a> <\/s><\/p>\n\n\n\n<p>[Update]<\/p>\n\n\n\n<p>BMBF hat eine neue Webseite und somit auch eine neue Version: <a href=\"https:\/\/bmbf.dev\/stable\">https:\/\/bmbf.dev\/stable<\/a><\/p>\n\n\n\n<p>Dort dann die Datei com.weloveoculus.BMBF.apk herunter laden.<\/p>\n\n\n\n<p>Dann in Sidequest auf &#8222;Install APK file from folder on Computer&#8220; klicken.<\/p>\n\n\n\n<figure class=\"wp-block-image size-large\"><img data-recalc-dims=\"1\" loading=\"lazy\" decoding=\"async\" width=\"640\" height=\"119\" src=\"https:\/\/i0.wp.com\/nerdenthum.de\/wp-content\/uploads\/2020\/03\/image-4.png?resize=640%2C119&#038;ssl=1\" alt=\"\" class=\"wp-image-24765\" srcset=\"https:\/\/i0.wp.com\/nerdenthum.de\/wp-content\/uploads\/2020\/03\/image-4.png?w=1024&amp;ssl=1 1024w, https:\/\/i0.wp.com\/nerdenthum.de\/wp-content\/uploads\/2020\/03\/image-4.png?resize=300%2C56&amp;ssl=1 300w, https:\/\/i0.wp.com\/nerdenthum.de\/wp-content\/uploads\/2020\/03\/image-4.png?resize=768%2C143&amp;ssl=1 768w\" sizes=\"auto, (max-width: 640px) 100vw, 640px\" \/><\/figure>\n\n\n\n<p>Die gerade herunter geladene Datei ausw\u00e4hlen und warten bis die Installation fertig ist.<\/p>\n\n\n\n<figure class=\"wp-block-image size-large\"><img data-recalc-dims=\"1\" loading=\"lazy\" decoding=\"async\" width=\"640\" height=\"53\" src=\"https:\/\/i0.wp.com\/nerdenthum.de\/wp-content\/uploads\/2020\/03\/image-5.png?resize=640%2C53&#038;ssl=1\" alt=\"\" class=\"wp-image-24766\" srcset=\"https:\/\/i0.wp.com\/nerdenthum.de\/wp-content\/uploads\/2020\/03\/image-5.png?w=1024&amp;ssl=1 1024w, https:\/\/i0.wp.com\/nerdenthum.de\/wp-content\/uploads\/2020\/03\/image-5.png?resize=300%2C25&amp;ssl=1 300w, https:\/\/i0.wp.com\/nerdenthum.de\/wp-content\/uploads\/2020\/03\/image-5.png?resize=768%2C64&amp;ssl=1 768w\" sizes=\"auto, (max-width: 640px) 100vw, 640px\" \/><\/figure>\n\n\n\n<p>Danach die Quest neu starten!<\/p>\n\n\n\n<h2 class=\"wp-block-heading\">Beat Saber patchen<\/h2>\n\n\n\n<p>Als n\u00e4chstes muss Beat Saber mit BMBF gepatcht werden. Dazu die Oculkus TV App ausw\u00e4hlen.<\/p>\n\n\n\n<figure class=\"wp-block-image size-large\"><img loading=\"lazy\" decoding=\"async\" width=\"1440\" height=\"756\" src=\"https:\/\/i0.wp.com\/nerdenthum.de\/wp-content\/uploads\/2020\/03\/image-8.png?fit=780%2C410&amp;ssl=1\" alt=\"\" class=\"wp-image-24769\" srcset=\"https:\/\/i0.wp.com\/nerdenthum.de\/wp-content\/uploads\/2020\/03\/image-8.png?w=1440&amp;ssl=1 1440w, https:\/\/i0.wp.com\/nerdenthum.de\/wp-content\/uploads\/2020\/03\/image-8.png?resize=300%2C158&amp;ssl=1 300w, https:\/\/i0.wp.com\/nerdenthum.de\/wp-content\/uploads\/2020\/03\/image-8.png?resize=1024%2C538&amp;ssl=1 1024w, https:\/\/i0.wp.com\/nerdenthum.de\/wp-content\/uploads\/2020\/03\/image-8.png?resize=768%2C403&amp;ssl=1 768w, https:\/\/i0.wp.com\/nerdenthum.de\/wp-content\/uploads\/2020\/03\/image-8.png?w=1280 1280w\" sizes=\"auto, (max-width: 640px) 100vw, 640px\" \/><\/figure>\n\n\n\n<p>Dann \u00fcber Kan\u00e4le die App BMBF w\u00e4hlen:<\/p>\n\n\n\n<figure class=\"wp-block-image size-large\"><img loading=\"lazy\" decoding=\"async\" width=\"1165\" height=\"508\" src=\"https:\/\/i2.wp.com\/nerdenthum.de\/wp-content\/uploads\/2020\/03\/image-9.png?fit=780%2C340&amp;ssl=1\" alt=\"\" class=\"wp-image-24770\" srcset=\"https:\/\/i0.wp.com\/nerdenthum.de\/wp-content\/uploads\/2020\/03\/image-9.png?w=1165&amp;ssl=1 1165w, https:\/\/i0.wp.com\/nerdenthum.de\/wp-content\/uploads\/2020\/03\/image-9.png?resize=300%2C131&amp;ssl=1 300w, https:\/\/i0.wp.com\/nerdenthum.de\/wp-content\/uploads\/2020\/03\/image-9.png?resize=1024%2C447&amp;ssl=1 1024w, https:\/\/i0.wp.com\/nerdenthum.de\/wp-content\/uploads\/2020\/03\/image-9.png?resize=768%2C335&amp;ssl=1 768w\" sizes=\"auto, (max-width: 640px) 100vw, 640px\" \/><\/figure>\n\n\n\n<p>Im folgenden Fenster nach Unten scrollen und &#8222;Continue&#8220; anklicken.<\/p>\n\n\n\n<p>Dann auf &#8222;Uninstall Beat Saber&#8220; klicken. Die folgende Meldung das Beat Saber deinstalliert werden soll mit &#8222;OK&#8220; best\u00e4tigen.<\/p>\n\n\n\n<p>Dann auf &#8222;Patch Beat Saber&#8220; klicken. Es kommt ein Fenster wo Meldungen durchlaufen was eine ganze Zeit lang dauert, nicht die Geduld verlieren.<\/p>\n\n\n\n<p>Wenn er damit fertig ist auf &#8222;Install modded Beat Saber&#8220; klicken.<\/p>\n\n\n\n<p>Es kommt ein Fenster das man mit &#8222;Installieren&#8220; best\u00e4tigen&#8220; muss.<\/p>\n\n\n\n<p>Dann auf &#8222;Fertig&#8220; klicken. &#8222;\u00d6ffnen&#8220; funktioniert hier noch nicht.<\/p>\n\n\n\n<p>Nun mann man im Browser von BMBF Songs suchen und durch einen Klick auf den Pfeil nach unten installieren.<\/p>\n\n\n\n<h2 class=\"wp-block-heading\">Backup zur\u00fcck spielen<\/h2>\n\n\n\n<p>Wer ganz zu beginn seine Daten gesichert hat kann diese nun mit Sidequest zur\u00fcck spielen. Dort wo man das Backup erstellt hat man man sich diese Daten auch anschauen und die werden dann \u00fcber &#8222;Manage Files on the Headset&#8220;<\/p>\n\n\n\n<figure class=\"wp-block-image size-large\"><img data-recalc-dims=\"1\" loading=\"lazy\" decoding=\"async\" width=\"640\" height=\"112\" src=\"https:\/\/i0.wp.com\/nerdenthum.de\/wp-content\/uploads\/2020\/03\/image-10.png?resize=640%2C112&#038;ssl=1\" alt=\"\" class=\"wp-image-24771\" srcset=\"https:\/\/i0.wp.com\/nerdenthum.de\/wp-content\/uploads\/2020\/03\/image-10.png?w=1024&amp;ssl=1 1024w, https:\/\/i0.wp.com\/nerdenthum.de\/wp-content\/uploads\/2020\/03\/image-10.png?resize=300%2C52&amp;ssl=1 300w, https:\/\/i0.wp.com\/nerdenthum.de\/wp-content\/uploads\/2020\/03\/image-10.png?resize=768%2C134&amp;ssl=1 768w\" sizes=\"auto, (max-width: 640px) 100vw, 640px\" \/><\/figure>\n\n\n\n<p>Hier wieder zur\u00fcck kopiert.<\/p>\n\n\n\n<figure class=\"wp-block-image size-large\"><img data-recalc-dims=\"1\" loading=\"lazy\" decoding=\"async\" width=\"640\" height=\"479\" src=\"https:\/\/i0.wp.com\/nerdenthum.de\/wp-content\/uploads\/2020\/03\/image-11.png?resize=640%2C479&#038;ssl=1\" alt=\"\" class=\"wp-image-24772\" srcset=\"https:\/\/i0.wp.com\/nerdenthum.de\/wp-content\/uploads\/2020\/03\/image-11.png?w=1024&amp;ssl=1 1024w, https:\/\/i0.wp.com\/nerdenthum.de\/wp-content\/uploads\/2020\/03\/image-11.png?resize=300%2C225&amp;ssl=1 300w, https:\/\/i0.wp.com\/nerdenthum.de\/wp-content\/uploads\/2020\/03\/image-11.png?resize=768%2C575&amp;ssl=1 768w\" sizes=\"auto, (max-width: 640px) 100vw, 640px\" \/><\/figure>\n","protected":false},"excerpt":{"rendered":"<p>Ich habe mal auf Deutsch zusammen gefasst was man tun muss um Custom Songs in Beat Saber auf der Quest zu nutzen. Das ganze l\u00e4uft \u00fcber das Programm BMBF. Voraussetzungen Zun\u00e4chst ben\u00f6tigst Du nat\u00fcrlich eine Oculus Quest (klar) und das Spiel Beat Saber in der Originalversion f\u00fcr die Quest. Dann noch ein USB 3.0 Kabel. [&hellip;]<\/p>\n","protected":false},"author":1,"featured_media":0,"parent":0,"menu_order":0,"comment_status":"closed","ping_status":"closed","template":"","meta":{"ngg_post_thumbnail":0,"footnotes":""},"class_list":["post-24760","page","type-page","status-publish","hentry"],"jetpack_likes_enabled":true,"_links":{"self":[{"href":"https:\/\/nerdenthum.de\/index.php\/wp-json\/wp\/v2\/pages\/24760","targetHints":{"allow":["GET"]}}],"collection":[{"href":"https:\/\/nerdenthum.de\/index.php\/wp-json\/wp\/v2\/pages"}],"about":[{"href":"https:\/\/nerdenthum.de\/index.php\/wp-json\/wp\/v2\/types\/page"}],"author":[{"embeddable":true,"href":"https:\/\/nerdenthum.de\/index.php\/wp-json\/wp\/v2\/users\/1"}],"replies":[{"embeddable":true,"href":"https:\/\/nerdenthum.de\/index.php\/wp-json\/wp\/v2\/comments?post=24760"}],"version-history":[{"count":2,"href":"https:\/\/nerdenthum.de\/index.php\/wp-json\/wp\/v2\/pages\/24760\/revisions"}],"predecessor-version":[{"id":24883,"href":"https:\/\/nerdenthum.de\/index.php\/wp-json\/wp\/v2\/pages\/24760\/revisions\/24883"}],"wp:attachment":[{"href":"https:\/\/nerdenthum.de\/index.php\/wp-json\/wp\/v2\/media?parent=24760"}],"curies":[{"name":"wp","href":"https:\/\/api.w.org\/{rel}","templated":true}]}}