{"id":25124,"date":"2020-05-03T09:00:00","date_gmt":"2020-05-03T07:00:00","guid":{"rendered":"http:\/\/nerdenthum.de\/?page_id=25124"},"modified":"2020-04-30T15:02:28","modified_gmt":"2020-04-30T13:02:28","slug":"beat-saber-auf-quest-youtube-songs-ubernehmen","status":"publish","type":"page","link":"https:\/\/nerdenthum.de\/index.php\/beat-saber-auf-quest-youtube-songs-ubernehmen\/","title":{"rendered":"Beat Saber auf Quest &#8211; Youtube Songs \u00fcbernehmen"},"content":{"rendered":"\n<p>Es gibt eine neue M\u00f6glichkeit eigene Songs f\u00fcr die Quest zu nutzen. Dazu m\u00fcssen die nur auf YouTube verf\u00fcgbar sein und man muss sich NICHT mit dem eigenen Mapping besch\u00e4ftigen.<\/p>\n\n\n\n<p>Voraussetzung ist das man sein Beat Saber gemodded hat, wie das geht steht <a href=\"https:\/\/nerdenthum.de\/index.php\/beat-saber-auf-quest-custom-songs\/\">hier<\/a>.<\/p>\n\n\n\n<p>Die Seite die es erm\u00f6glicht das man fast jeden Song der auf YouTube verf\u00fcgbar ist in Beat Saber verwenden kann nennt sich Beat Sage:<\/p>\n\n\n\n<p><a href=\"https:\/\/beatsage.com\/\">https:\/\/beatsage.com\/<\/a><\/p>\n\n\n\n<p>Diese Seite ruft man nun an seinem Rechner auf.<\/p>\n\n\n\n<p>Unter &#8222;Step 1.&#8220; kopiert man die URL (Adresse) des entsprechenden YouTube Videos. <\/p>\n\n\n\n<p>Bei &#8222;Step 2.&#8220; w\u00e4hlt man den gew\u00fcnschten Schwierigkeitsgrad. Meiner Erfahrung nach sollte man dort alles angehakt lassen weil der Algorithmus zwar schon recht gut ist, aber man doch auch schon mal Songs bekommt die Auf Normal schon recht schwer sind oder aber selbst auf Hard kaum Bl\u00f6cke haben.<\/p>\n\n\n\n<p>&#8222;Step 3.&#8220; und &#8222;Step. 4&#8220; sollten selbsterkl\u00e4rend sein, auch hier habe ich noch nichts abgeklickt.<\/p>\n\n\n\n<p>Bei &#8222;Step 5.&#8220; startet man nun die Konvertierung und wenn diese fertig ist startet auch automatisch der Download des Zip-Files.<\/p>\n\n\n\n<p><strong>Wichtig!<\/strong> Den Button kann man nicht anklicken man muss ihn &#8222;durchschneiden&#8220;.<\/p>\n\n\n\n<p>Nun kommt der Teil der einigen Leuten wohl Probleme bereitet hat. Wie bekomme ich die Songs auf meine Quest?<\/p>\n\n\n\n<p>Dazu muss ich zun\u00e4chst auf der Quest BMBF starten. Dort klickt man auf Tools. Nun sieht man oben rechts in der Ecke welche IP Adresse die Quest hat. <\/p>\n\n\n\n<figure class=\"wp-block-image size-large\"><img loading=\"lazy\" decoding=\"async\" width=\"1916\" height=\"623\" src=\"https:\/\/i0.wp.com\/nerdenthum.de\/wp-content\/uploads\/2020\/04\/BMBF1.jpg?fit=780%2C254&amp;ssl=1\" alt=\"\" class=\"wp-image-25125\" srcset=\"https:\/\/i0.wp.com\/nerdenthum.de\/wp-content\/uploads\/2020\/04\/BMBF1.jpg?w=1916&amp;ssl=1 1916w, https:\/\/i0.wp.com\/nerdenthum.de\/wp-content\/uploads\/2020\/04\/BMBF1.jpg?resize=300%2C98&amp;ssl=1 300w, https:\/\/i0.wp.com\/nerdenthum.de\/wp-content\/uploads\/2020\/04\/BMBF1.jpg?resize=1024%2C333&amp;ssl=1 1024w, https:\/\/i0.wp.com\/nerdenthum.de\/wp-content\/uploads\/2020\/04\/BMBF1.jpg?resize=768%2C250&amp;ssl=1 768w, https:\/\/i0.wp.com\/nerdenthum.de\/wp-content\/uploads\/2020\/04\/BMBF1.jpg?resize=1536%2C499&amp;ssl=1 1536w, https:\/\/i0.wp.com\/nerdenthum.de\/wp-content\/uploads\/2020\/04\/BMBF1.jpg?w=1280 1280w\" sizes=\"auto, (max-width: 640px) 100vw, 640px\" \/><\/figure>\n\n\n\n<p>Die dort angezeigte Adresse inkl. dem http:\/\/ und dem :50000 gibt man nun in seinem Browser am Rechner ein. Dazu m\u00fcssen sich Rechner und Quest im selben Netzwerk befinden und auf der Quest muss BMBF immer noch aktiv sein.<\/p>\n\n\n\n<p>Nun kann dort auf &#8222;Upload&#8220; klicken.<\/p>\n\n\n\n<figure class=\"wp-block-image size-large\"><img loading=\"lazy\" decoding=\"async\" width=\"1919\" height=\"677\" src=\"https:\/\/i1.wp.com\/nerdenthum.de\/wp-content\/uploads\/2020\/04\/Upload.jpg?fit=780%2C275&amp;ssl=1\" alt=\"\" class=\"wp-image-25126\" srcset=\"https:\/\/i0.wp.com\/nerdenthum.de\/wp-content\/uploads\/2020\/04\/Upload.jpg?w=1919&amp;ssl=1 1919w, https:\/\/i0.wp.com\/nerdenthum.de\/wp-content\/uploads\/2020\/04\/Upload.jpg?resize=300%2C106&amp;ssl=1 300w, https:\/\/i0.wp.com\/nerdenthum.de\/wp-content\/uploads\/2020\/04\/Upload.jpg?resize=1024%2C361&amp;ssl=1 1024w, https:\/\/i0.wp.com\/nerdenthum.de\/wp-content\/uploads\/2020\/04\/Upload.jpg?resize=768%2C271&amp;ssl=1 768w, https:\/\/i0.wp.com\/nerdenthum.de\/wp-content\/uploads\/2020\/04\/Upload.jpg?resize=1536%2C542&amp;ssl=1 1536w, https:\/\/i0.wp.com\/nerdenthum.de\/wp-content\/uploads\/2020\/04\/Upload.jpg?w=1280 1280w\" sizes=\"auto, (max-width: 640px) 100vw, 640px\" \/><\/figure>\n\n\n\n<p>In dieses Feld kann man nun per &#8222;Drag &amp; Drop&#8220; das Zip-File rein ziehen. Es wird dann hoch geladen und man bekommt auch eine R\u00fcckmeldung. <\/p>\n\n\n\n<p>Das Praktische, \u00fcber Playlists kann man hier auch sehr viel bequemer seine Playlists bearbeiten. <\/p>\n\n\n\n<p>Nat\u00fcrlich sollte man am Ende nicht vergessen das alles nach Beat Saber zu synchronisieren. <\/p>\n\n\n\n<p>Das Ergebnis ist mal gut und mal nicht so gut. Einige der Songs hatten bei mir selbst auf Hard kaum Bl\u00f6cke, andere wiederum waren auf Normal schon extrem schwer. Man sollte beim Spielen auf die Anzahl der Bl\u00f6cke achten die vor dem Spielen angezeigt werden. <\/p>\n","protected":false},"excerpt":{"rendered":"<p>Es gibt eine neue M\u00f6glichkeit eigene Songs f\u00fcr die Quest zu nutzen. Dazu m\u00fcssen die nur auf YouTube verf\u00fcgbar sein und man muss sich NICHT mit dem eigenen Mapping besch\u00e4ftigen. Voraussetzung ist das man sein Beat Saber gemodded hat, wie das geht steht hier. Die Seite die es erm\u00f6glicht das man fast jeden Song der [&hellip;]<\/p>\n","protected":false},"author":1,"featured_media":25125,"parent":0,"menu_order":0,"comment_status":"closed","ping_status":"closed","template":"","meta":{"ngg_post_thumbnail":0,"footnotes":""},"class_list":["post-25124","page","type-page","status-publish","has-post-thumbnail","hentry"],"jetpack_likes_enabled":true,"_links":{"self":[{"href":"https:\/\/nerdenthum.de\/index.php\/wp-json\/wp\/v2\/pages\/25124","targetHints":{"allow":["GET"]}}],"collection":[{"href":"https:\/\/nerdenthum.de\/index.php\/wp-json\/wp\/v2\/pages"}],"about":[{"href":"https:\/\/nerdenthum.de\/index.php\/wp-json\/wp\/v2\/types\/page"}],"author":[{"embeddable":true,"href":"https:\/\/nerdenthum.de\/index.php\/wp-json\/wp\/v2\/users\/1"}],"replies":[{"embeddable":true,"href":"https:\/\/nerdenthum.de\/index.php\/wp-json\/wp\/v2\/comments?post=25124"}],"version-history":[{"count":2,"href":"https:\/\/nerdenthum.de\/index.php\/wp-json\/wp\/v2\/pages\/25124\/revisions"}],"predecessor-version":[{"id":25130,"href":"https:\/\/nerdenthum.de\/index.php\/wp-json\/wp\/v2\/pages\/25124\/revisions\/25130"}],"wp:featuredmedia":[{"embeddable":true,"href":"https:\/\/nerdenthum.de\/index.php\/wp-json\/wp\/v2\/media\/25125"}],"wp:attachment":[{"href":"https:\/\/nerdenthum.de\/index.php\/wp-json\/wp\/v2\/media?parent=25124"}],"curies":[{"name":"wp","href":"https:\/\/api.w.org\/{rel}","templated":true}]}}