{"id":5072,"date":"2012-11-06T06:00:27","date_gmt":"2012-11-06T05:00:27","guid":{"rendered":"http:\/\/blog.starocotes.de\/?page_id=5072"},"modified":"2016-08-30T10:38:41","modified_gmt":"2016-08-30T08:38:41","slug":"film","status":"publish","type":"page","link":"https:\/\/nerdenthum.de\/index.php\/ima\/film\/","title":{"rendered":"Iron Man R\u00fcstungen \/ Film"},"content":{"rendered":"<p>Die R\u00fcstungen aus den Iron Man Filmen sind in den letzten Jahren sehr viel sichtbarer und bekannter geworden als dies bei den Comicversionen der Fall war. Ein Kinofilm hat verst\u00e4ndlicherweise eine gr\u00f6\u00dferes Publikum als ein Comicheft und mit dem unglaublichen Erfolg des Avengers Film ist dies nochmal verst\u00e4rkt worden.<\/p>\n<p>Die R\u00fcstungen gaukeln dem Kinog\u00e4nger einen Realismus in Form und Funktion vor den ein Comic so nicht erreichen kann und tragen so sicher einen gro\u00dfen Teil zum Erfolg der Filme bei.<\/p>\n<ul>\n<li><a href=\"\/index.php\/ima\/film\/marki\/\" title=\"Iron Man R\u00fcstungen \/ Film \/ Mark I\">Mark I<\/a><\/li>\n<li><a href=\"\/index.php\/ima\/film\/markii\/\" title=\"Iron Man R\u00fcstungen \/ Film \/ Mark II\">Mark II<\/a><\/li>\n<li><a href=\"\/index.php\/ima\/film\/markiii\/\" title=\"Iron Man R\u00fcstungen \/ Film \/ Mark III\">Mark III<\/a><\/li>\n<\/ul>\n","protected":false},"excerpt":{"rendered":"<p>Die R\u00fcstungen aus den Iron Man Filmen sind in den letzten Jahren sehr viel sichtbarer und bekannter geworden als dies bei den Comicversionen der Fall war. Ein Kinofilm hat verst\u00e4ndlicherweise eine gr\u00f6\u00dferes Publikum als ein Comicheft und mit dem unglaublichen Erfolg des Avengers Film ist dies nochmal verst\u00e4rkt worden. Die R\u00fcstungen gaukeln dem Kinog\u00e4nger einen [&hellip;]<\/p>\n","protected":false},"author":1,"featured_media":0,"parent":5011,"menu_order":0,"comment_status":"open","ping_status":"open","template":"","meta":{"ngg_post_thumbnail":0,"footnotes":""},"class_list":["post-5072","page","type-page","status-publish","hentry"],"jetpack_likes_enabled":true,"_links":{"self":[{"href":"https:\/\/nerdenthum.de\/index.php\/wp-json\/wp\/v2\/pages\/5072","targetHints":{"allow":["GET"]}}],"collection":[{"href":"https:\/\/nerdenthum.de\/index.php\/wp-json\/wp\/v2\/pages"}],"about":[{"href":"https:\/\/nerdenthum.de\/index.php\/wp-json\/wp\/v2\/types\/page"}],"author":[{"embeddable":true,"href":"https:\/\/nerdenthum.de\/index.php\/wp-json\/wp\/v2\/users\/1"}],"replies":[{"embeddable":true,"href":"https:\/\/nerdenthum.de\/index.php\/wp-json\/wp\/v2\/comments?post=5072"}],"version-history":[{"count":1,"href":"https:\/\/nerdenthum.de\/index.php\/wp-json\/wp\/v2\/pages\/5072\/revisions"}],"predecessor-version":[{"id":6084,"href":"https:\/\/nerdenthum.de\/index.php\/wp-json\/wp\/v2\/pages\/5072\/revisions\/6084"}],"up":[{"embeddable":true,"href":"https:\/\/nerdenthum.de\/index.php\/wp-json\/wp\/v2\/pages\/5011"}],"wp:attachment":[{"href":"https:\/\/nerdenthum.de\/index.php\/wp-json\/wp\/v2\/media?parent=5072"}],"curies":[{"name":"wp","href":"https:\/\/api.w.org\/{rel}","templated":true}]}}