{"id":5130,"date":"2012-11-08T20:31:43","date_gmt":"2012-11-08T19:31:43","guid":{"rendered":"http:\/\/blog.starocotes.de\/?page_id=5130"},"modified":"2016-08-30T10:08:37","modified_gmt":"2016-08-30T08:08:37","slug":"extremis","status":"publish","type":"page","link":"https:\/\/nerdenthum.de\/index.php\/ima\/comic\/extremis\/","title":{"rendered":"Iron Man R\u00fcstungen \/ Comic \/ Extremis"},"content":{"rendered":"<p><a href=\"https:\/\/i0.wp.com\/nerdenthum.de\/wp-content\/uploads\/2016\/08\/extremis0031.jpg\"><img data-recalc-dims=\"1\" loading=\"lazy\" decoding=\"async\" src=\"https:\/\/i0.wp.com\/nerdenthum.de\/wp-content\/uploads\/2016\/08\/extremis0031.jpg?resize=214%2C300\" alt=\"extremis003[1]\" width=\"214\" height=\"300\" class=\"alignright size-medium wp-image-6046\" srcset=\"https:\/\/i0.wp.com\/nerdenthum.de\/wp-content\/uploads\/2016\/08\/extremis0031.jpg?resize=214%2C300&amp;ssl=1 214w, https:\/\/i0.wp.com\/nerdenthum.de\/wp-content\/uploads\/2016\/08\/extremis0031.jpg?w=250&amp;ssl=1 250w\" sizes=\"auto, (max-width: 214px) 100vw, 214px\" \/><\/a>Nachdem in 2004 Brian Michael Bendis die Avengers \u00fcbernahm und diese mit der Disassembled Geschichte gr\u00fcndlich demontiert wurden musste auch Iron Man neu aufgebaut werden. Diese Aufgabe viel Warren Ellis zu der dabei auch eine neue Technologie names Extremis einf\u00fchrte. Mit diesem Nanotechnologie Serum kann man das Reparaturzentrum eines Menschen neu &#8222;programmieren&#8220; so das der K\u00f6rper sich entsprechend der Programmierung &#8222;umformt&#8220;. Tony nutzt das Serum um einige Modifikationen an sich selbt vorzunehmen. <\/p>\n<p><a href=\"https:\/\/i0.wp.com\/nerdenthum.de\/wp-content\/uploads\/2016\/08\/extremis0011.jpg\"><img data-recalc-dims=\"1\" loading=\"lazy\" decoding=\"async\" src=\"https:\/\/i0.wp.com\/nerdenthum.de\/wp-content\/uploads\/2016\/08\/extremis0011.jpg?resize=300%2C200\" alt=\"extremis001[1]\" width=\"300\" height=\"200\" class=\"alignleft size-medium wp-image-6047\" srcset=\"https:\/\/i0.wp.com\/nerdenthum.de\/wp-content\/uploads\/2016\/08\/extremis0011.jpg?resize=300%2C200&amp;ssl=1 300w, https:\/\/i0.wp.com\/nerdenthum.de\/wp-content\/uploads\/2016\/08\/extremis0011.jpg?resize=768%2C513&amp;ssl=1 768w, https:\/\/i0.wp.com\/nerdenthum.de\/wp-content\/uploads\/2016\/08\/extremis0011.jpg?w=802&amp;ssl=1 802w\" sizes=\"auto, (max-width: 300px) 100vw, 300px\" \/><\/a>Zu diesem Zeitpunkt ist er selbst in einer Sackgasse gelandet was die Miniaturisierung des Iron Man angeht. Die R\u00fcstung ist zu gro\u00df und unhandlich geworden und muss, solange er nicht selbst drin steckt, aufwendig von Ort zu Ort transportiert werden. Extremis erm\u00f6glicht es ihm zum Einen die essentielle Unterkleidung, die eine Kontrollfunktion f\u00fcr den Iron Man \u00fcbernimmt, in der Innenseite seiner Knochen zu lagern und auf Befehl durch vergr\u00f6\u00dferte Poren auszutreten, zum Anderen hat er damit eine direkte Verbindung zu allen Komponenten was es ihm erm\u00f6glicht viel der Steuerelemente weg zu lassen. Die neue R\u00fcstung ist leichter, flexibler und gleichzeitig leistungsf\u00e4higer. Sie passt in einen Koffer und kann ebenfalls per Gedankensteuerung angelegt werden.<\/p>\n<p>Weiterhin hat er durch die Modifikation die M\u00f6glichkeit erhalten sich mit jeder Technologie auf der Erde zu verbinden. Er kann durch Satelliten sehen, schneller Denken und Ger\u00e4te in seiner Umgebung beeinflussen. Sp\u00e4ter ist er dann auch in der Lage mehrere Iron Man R\u00fcstungen gleichzeitig fern zu steuern, was ihm in einigen F\u00e4llen einen gro\u00dfen Taktischen Vorteil brachte.<\/p>\n<p><a href=\"https:\/\/i0.wp.com\/nerdenthum.de\/wp-content\/uploads\/2016\/08\/extremis00211.jpg\"><img data-recalc-dims=\"1\" loading=\"lazy\" decoding=\"async\" src=\"https:\/\/i0.wp.com\/nerdenthum.de\/wp-content\/uploads\/2016\/08\/extremis00211.jpg?resize=198%2C300\" alt=\"extremis0021[1]\" width=\"198\" height=\"300\" class=\"alignright size-medium wp-image-6048\" srcset=\"https:\/\/i0.wp.com\/nerdenthum.de\/wp-content\/uploads\/2016\/08\/extremis00211.jpg?resize=198%2C300&amp;ssl=1 198w, https:\/\/i0.wp.com\/nerdenthum.de\/wp-content\/uploads\/2016\/08\/extremis00211.jpg?w=600&amp;ssl=1 600w\" sizes=\"auto, (max-width: 198px) 100vw, 198px\" \/><\/a>Die R\u00fcstung mit der Extremis Funktion tauchte das erste mal in <a href=\"http:\/\/www.comixology.com\/Iron-Man-5\/digital-comic\/AUG051916\" target=\"_blank\">Invincible Iron Man (vol. 4) #5<\/a> auf auf Deutsch erschienen in <a href=\"http:\/\/www.paninicomics.de\/100-marvel-34-iron-man--extremis-i3524.html\" target=\"_blank\">100% Marvel 34: Iron Man Extremis<\/a>.<\/p>\n<p>Folgende R\u00fcstung: <a href=\"\/index.php\/ima\/comic\/bleeding-edge\/\" title=\"Iron Man R\u00fcstungen \/ Comic \/ Bleeding Edge\">Bleeding Edge<\/a><\/p>\n","protected":false},"excerpt":{"rendered":"<p>Nachdem in 2004 Brian Michael Bendis die Avengers \u00fcbernahm und diese mit der Disassembled Geschichte gr\u00fcndlich demontiert wurden musste auch Iron Man neu aufgebaut werden. Diese Aufgabe viel Warren Ellis zu der dabei auch eine neue Technologie names Extremis einf\u00fchrte. Mit diesem Nanotechnologie Serum kann man das Reparaturzentrum eines Menschen neu &#8222;programmieren&#8220; so das der [&hellip;]<\/p>\n","protected":false},"author":1,"featured_media":0,"parent":5029,"menu_order":0,"comment_status":"open","ping_status":"open","template":"","meta":{"ngg_post_thumbnail":0,"footnotes":""},"class_list":["post-5130","page","type-page","status-publish","hentry"],"jetpack_likes_enabled":true,"_links":{"self":[{"href":"https:\/\/nerdenthum.de\/index.php\/wp-json\/wp\/v2\/pages\/5130","targetHints":{"allow":["GET"]}}],"collection":[{"href":"https:\/\/nerdenthum.de\/index.php\/wp-json\/wp\/v2\/pages"}],"about":[{"href":"https:\/\/nerdenthum.de\/index.php\/wp-json\/wp\/v2\/types\/page"}],"author":[{"embeddable":true,"href":"https:\/\/nerdenthum.de\/index.php\/wp-json\/wp\/v2\/users\/1"}],"replies":[{"embeddable":true,"href":"https:\/\/nerdenthum.de\/index.php\/wp-json\/wp\/v2\/comments?post=5130"}],"version-history":[{"count":3,"href":"https:\/\/nerdenthum.de\/index.php\/wp-json\/wp\/v2\/pages\/5130\/revisions"}],"predecessor-version":[{"id":6051,"href":"https:\/\/nerdenthum.de\/index.php\/wp-json\/wp\/v2\/pages\/5130\/revisions\/6051"}],"up":[{"embeddable":true,"href":"https:\/\/nerdenthum.de\/index.php\/wp-json\/wp\/v2\/pages\/5029"}],"wp:attachment":[{"href":"https:\/\/nerdenthum.de\/index.php\/wp-json\/wp\/v2\/media?parent=5130"}],"curies":[{"name":"wp","href":"https:\/\/api.w.org\/{rel}","templated":true}]}}