{"id":5302,"date":"2012-11-21T20:31:25","date_gmt":"2012-11-21T19:31:25","guid":{"rendered":"http:\/\/blog.starocotes.de\/?page_id=5302"},"modified":"2016-08-30T10:16:46","modified_gmt":"2016-08-30T08:16:46","slug":"silver-centurion","status":"publish","type":"page","link":"https:\/\/nerdenthum.de\/index.php\/ima\/comic\/silver-centurion\/","title":{"rendered":"Iron Man R\u00fcstungen \/ Comic \/ Silver Centurion"},"content":{"rendered":"<p><a href=\"https:\/\/i0.wp.com\/nerdenthum.de\/wp-content\/uploads\/2016\/08\/silvercenturion11.jpg\"><img data-recalc-dims=\"1\" loading=\"lazy\" decoding=\"async\" src=\"https:\/\/i0.wp.com\/nerdenthum.de\/wp-content\/uploads\/2016\/08\/silvercenturion11.jpg?resize=227%2C260\" alt=\"silvercenturion1[1]\" width=\"227\" height=\"260\" class=\"alignright size-full wp-image-6055\" \/><\/a>Als Tony Stark von Obidiah Stane aus dem Gesch\u00e4ft gedr\u00e4ngt wurde und sich danach von einem R\u00fcckfall in den Alkoholismus erholte, bastelte er an einer R\u00fcstung die eigentlich f\u00fcr James Rhodes gedacht war, doch als seine neu aufgebaute Firma von Stane zerst\u00f6rt wurde und dabei sein neuer Freund und Partner ums Leben kam benutzte Stark die R\u00fcstung selbst um Stane zur Rechenschaft zu ziehen.<\/p>\n<p>Die Silver Centurion R\u00fcstung unterschied sich sehr drastisch von allen vorangegangenen R\u00fcstungen. Zum Einen wurde das typische Gold durch Silver ersetzt, zum Anderen ver\u00e4nderte der Torsoreaktor seine Form vom traditionellen rund auf ein auf der Spitze stehendes Dreieck. Zudem war der Helm um einiges imposanter als in vorangegangene Modellen und es wurden, wie es zu der damaligen Zeit \u00fcblich war, die Schultern stark betont.<\/p>\n<p><a href=\"https:\/\/i0.wp.com\/nerdenthum.de\/wp-content\/uploads\/2016\/08\/silvercenturion21.jpg\"><img data-recalc-dims=\"1\" loading=\"lazy\" decoding=\"async\" src=\"https:\/\/i0.wp.com\/nerdenthum.de\/wp-content\/uploads\/2016\/08\/silvercenturion21.jpg?resize=238%2C300\" alt=\"silvercenturion2[1]\" width=\"238\" height=\"300\" class=\"alignleft size-medium wp-image-6056\" srcset=\"https:\/\/i0.wp.com\/nerdenthum.de\/wp-content\/uploads\/2016\/08\/silvercenturion21.jpg?resize=238%2C300&amp;ssl=1 238w, https:\/\/i0.wp.com\/nerdenthum.de\/wp-content\/uploads\/2016\/08\/silvercenturion21.jpg?w=323&amp;ssl=1 323w\" sizes=\"auto, (max-width: 238px) 100vw, 238px\" \/><\/a>Die R\u00fcstung beherbergte eine Vielzahl moderner Waffensysteme, vor allem aber war sie redundant ausgelegt, so das nahezu alle Teile die Aufgaben von defekten Teilen \u00fcbernehmen konnten. Zudem war ihre Energiespeicherkapazit\u00e4t im Vergleich zu Vorg\u00e4ngermodellen stark vergr\u00f6\u00dfert.<\/p>\n<p><a href=\"https:\/\/i0.wp.com\/nerdenthum.de\/wp-content\/uploads\/2016\/08\/silvercenturion31.jpg\"><img data-recalc-dims=\"1\" loading=\"lazy\" decoding=\"async\" src=\"https:\/\/i0.wp.com\/nerdenthum.de\/wp-content\/uploads\/2016\/08\/silvercenturion31.jpg?resize=193%2C300\" alt=\"silvercenturion3[1]\" width=\"193\" height=\"300\" class=\"alignright size-medium wp-image-6057\" srcset=\"https:\/\/i0.wp.com\/nerdenthum.de\/wp-content\/uploads\/2016\/08\/silvercenturion31.jpg?resize=193%2C300&amp;ssl=1 193w, https:\/\/i0.wp.com\/nerdenthum.de\/wp-content\/uploads\/2016\/08\/silvercenturion31.jpg?w=600&amp;ssl=1 600w\" sizes=\"auto, (max-width: 193px) 100vw, 193px\" \/><\/a><\/p>\n<p>Erstes Auftauchen: Iron Man #200<br \/>\nN\u00e4chste R\u00fcstung: <a href=\"http:\/\/nerdenthum.de\/index.php\/ima\/comic\/extremis\/\">Extremis<\/a><\/p>\n","protected":false},"excerpt":{"rendered":"<p>Als Tony Stark von Obidiah Stane aus dem Gesch\u00e4ft gedr\u00e4ngt wurde und sich danach von einem R\u00fcckfall in den Alkoholismus erholte, bastelte er an einer R\u00fcstung die eigentlich f\u00fcr James Rhodes gedacht war, doch als seine neu aufgebaute Firma von Stane zerst\u00f6rt wurde und dabei sein neuer Freund und Partner ums Leben kam benutzte Stark [&hellip;]<\/p>\n","protected":false},"author":1,"featured_media":0,"parent":5029,"menu_order":0,"comment_status":"open","ping_status":"open","template":"","meta":{"ngg_post_thumbnail":0,"footnotes":""},"class_list":["post-5302","page","type-page","status-publish","hentry"],"jetpack_likes_enabled":true,"_links":{"self":[{"href":"https:\/\/nerdenthum.de\/index.php\/wp-json\/wp\/v2\/pages\/5302","targetHints":{"allow":["GET"]}}],"collection":[{"href":"https:\/\/nerdenthum.de\/index.php\/wp-json\/wp\/v2\/pages"}],"about":[{"href":"https:\/\/nerdenthum.de\/index.php\/wp-json\/wp\/v2\/types\/page"}],"author":[{"embeddable":true,"href":"https:\/\/nerdenthum.de\/index.php\/wp-json\/wp\/v2\/users\/1"}],"replies":[{"embeddable":true,"href":"https:\/\/nerdenthum.de\/index.php\/wp-json\/wp\/v2\/comments?post=5302"}],"version-history":[{"count":2,"href":"https:\/\/nerdenthum.de\/index.php\/wp-json\/wp\/v2\/pages\/5302\/revisions"}],"predecessor-version":[{"id":6058,"href":"https:\/\/nerdenthum.de\/index.php\/wp-json\/wp\/v2\/pages\/5302\/revisions\/6058"}],"up":[{"embeddable":true,"href":"https:\/\/nerdenthum.de\/index.php\/wp-json\/wp\/v2\/pages\/5029"}],"wp:attachment":[{"href":"https:\/\/nerdenthum.de\/index.php\/wp-json\/wp\/v2\/media?parent=5302"}],"curies":[{"name":"wp","href":"https:\/\/api.w.org\/{rel}","templated":true}]}}