{"id":6031,"date":"2016-01-10T13:00:45","date_gmt":"2016-01-10T12:00:45","guid":{"rendered":"http:\/\/blog.starocotes.de\/?page_id=6031"},"modified":"2016-08-30T10:36:05","modified_gmt":"2016-08-30T08:36:05","slug":"transformational-mark","status":"publish","type":"page","link":"https:\/\/nerdenthum.de\/index.php\/ima\/comic\/transformational-mark\/","title":{"rendered":"Iron Man R\u00fcstungen \/ Comic \/ Transformational Mark"},"content":{"rendered":"<p><a href=\"https:\/\/i0.wp.com\/nerdenthum.de\/wp-content\/uploads\/2016\/01\/tm0001.jpg\"><img data-recalc-dims=\"1\" loading=\"lazy\" decoding=\"async\" src=\"https:\/\/i0.wp.com\/nerdenthum.de\/wp-content\/uploads\/2016\/01\/tm0001.jpg?resize=198%2C300\" alt=\"tm000[1]\" width=\"198\" height=\"300\" class=\"alignright size-medium wp-image-6068\" srcset=\"https:\/\/i0.wp.com\/nerdenthum.de\/wp-content\/uploads\/2016\/01\/tm0001.jpg?resize=198%2C300&amp;ssl=1 198w, https:\/\/i0.wp.com\/nerdenthum.de\/wp-content\/uploads\/2016\/01\/tm0001.jpg?resize=768%2C1166&amp;ssl=1 768w, https:\/\/i0.wp.com\/nerdenthum.de\/wp-content\/uploads\/2016\/01\/tm0001.jpg?resize=675%2C1024&amp;ssl=1 675w, https:\/\/i0.wp.com\/nerdenthum.de\/wp-content\/uploads\/2016\/01\/tm0001.jpg?w=900&amp;ssl=1 900w\" sizes=\"auto, (max-width: 198px) 100vw, 198px\" \/><\/a>Die Transformational Mark (so zumindest der Name auf dem Action Figure Variant Cover von Invincible Iron Man #1) wurde von Brian Michael Bendis zusammen mit David Marquez entworfen. Sie soll eine Vorteile der bekannten R\u00fcstungen vereinen und sich beliebig verwandeln k\u00f6nnen und das alles ohne eine direkte Bindung an Tonys K\u00f6rper zu haben wie das seit Extremis der Fall war. <\/p>\n<p>Was offensichtlich ist, ist die Tatsache dass Tony irgendwas mit Dimensionstaschen gebastelt hat, da die Masse der R\u00fcstung sich zum Teil erheblich \u00e4ndert. Jedenfalls ist die Optik schon fein, was vor allem an Marquez Zeichnungen liegt.<\/p>\n<table>\n<tr>\n<td>\n<a href=\"https:\/\/i0.wp.com\/nerdenthum.de\/wp-content\/uploads\/2016\/01\/tm0011.jpg\"><img data-recalc-dims=\"1\" loading=\"lazy\" decoding=\"async\" src=\"https:\/\/i0.wp.com\/nerdenthum.de\/wp-content\/uploads\/2016\/01\/tm0011.jpg?resize=197%2C300\" alt=\"tm001[1]\" width=\"197\" height=\"300\" class=\"aligncenter size-medium wp-image-6069\" srcset=\"https:\/\/i0.wp.com\/nerdenthum.de\/wp-content\/uploads\/2016\/01\/tm0011.jpg?resize=197%2C300&amp;ssl=1 197w, https:\/\/i0.wp.com\/nerdenthum.de\/wp-content\/uploads\/2016\/01\/tm0011.jpg?resize=768%2C1171&amp;ssl=1 768w, https:\/\/i0.wp.com\/nerdenthum.de\/wp-content\/uploads\/2016\/01\/tm0011.jpg?resize=672%2C1024&amp;ssl=1 672w, https:\/\/i0.wp.com\/nerdenthum.de\/wp-content\/uploads\/2016\/01\/tm0011.jpg?w=1317&amp;ssl=1 1317w\" sizes=\"auto, (max-width: 197px) 100vw, 197px\" \/><\/a>\n<\/td>\n<\/tr>\n<tr>\n<td>\nHier sehen wir wie die R\u00fcstung aus einer Uhr entsteht und nur aus einer Uhr. Das ist auch gleich das extremste Beispiel an Massenzuwachs.\n<\/td>\n<\/tr>\n<table>\n<tr>\n<td>\n<a href=\"https:\/\/i0.wp.com\/nerdenthum.de\/wp-content\/uploads\/2016\/01\/tm0021.jpg\"><img data-recalc-dims=\"1\" loading=\"lazy\" decoding=\"async\" src=\"https:\/\/i0.wp.com\/nerdenthum.de\/wp-content\/uploads\/2016\/01\/tm0021.jpg?resize=300%2C219\" alt=\"tm002[1]\" width=\"300\" height=\"219\" class=\"aligncenter size-medium wp-image-6070\" srcset=\"https:\/\/i0.wp.com\/nerdenthum.de\/wp-content\/uploads\/2016\/01\/tm0021.jpg?resize=300%2C219&amp;ssl=1 300w, https:\/\/i0.wp.com\/nerdenthum.de\/wp-content\/uploads\/2016\/01\/tm0021.jpg?w=667&amp;ssl=1 667w\" sizes=\"auto, (max-width: 300px) 100vw, 300px\" \/><\/a>\n<\/td>\n<td>\n<a href=\"https:\/\/i0.wp.com\/nerdenthum.de\/wp-content\/uploads\/2016\/01\/tm0031.jpg\"><img data-recalc-dims=\"1\" loading=\"lazy\" decoding=\"async\" src=\"https:\/\/i0.wp.com\/nerdenthum.de\/wp-content\/uploads\/2016\/01\/tm0031.jpg?resize=300%2C266\" alt=\"tm003[1]\" width=\"300\" height=\"266\" class=\"aligncenter size-medium wp-image-6071\" srcset=\"https:\/\/i0.wp.com\/nerdenthum.de\/wp-content\/uploads\/2016\/01\/tm0031.jpg?resize=300%2C266&amp;ssl=1 300w, https:\/\/i0.wp.com\/nerdenthum.de\/wp-content\/uploads\/2016\/01\/tm0031.jpg?w=765&amp;ssl=1 765w\" sizes=\"auto, (max-width: 300px) 100vw, 300px\" \/><\/a>\n<\/td>\n<\/tr>\n<tr>\n<td colspan=\"2\">\nDies ist die Heavy Armor Funktion, eher auf Schutz und Nahkampf ausgelegt.\n<\/td>\n<\/tr>\n<\/table>\n<table>\n<tr>\n<td>\n<a href=\"https:\/\/i0.wp.com\/nerdenthum.de\/wp-content\/uploads\/2016\/01\/tm0041.jpg\"><img data-recalc-dims=\"1\" loading=\"lazy\" decoding=\"async\" src=\"https:\/\/i0.wp.com\/nerdenthum.de\/wp-content\/uploads\/2016\/01\/tm0041.jpg?resize=300%2C53\" alt=\"tm004[1]\" width=\"300\" height=\"53\" class=\"aligncenter size-medium wp-image-6072\" srcset=\"https:\/\/i0.wp.com\/nerdenthum.de\/wp-content\/uploads\/2016\/01\/tm0041.jpg?resize=300%2C53&amp;ssl=1 300w, https:\/\/i0.wp.com\/nerdenthum.de\/wp-content\/uploads\/2016\/01\/tm0041.jpg?resize=768%2C136&amp;ssl=1 768w, https:\/\/i0.wp.com\/nerdenthum.de\/wp-content\/uploads\/2016\/01\/tm0041.jpg?resize=1024%2C181&amp;ssl=1 1024w, https:\/\/i0.wp.com\/nerdenthum.de\/wp-content\/uploads\/2016\/01\/tm0041.jpg?w=1056&amp;ssl=1 1056w\" sizes=\"auto, (max-width: 300px) 100vw, 300px\" \/><\/a><\/td>\n<\/tr>\n<tr>\n<td>\nIm ersten Heft der neuen Avengers gibt es diese ungew\u00f6hnliche Verwandlung von Auto in R\u00fcstung. Auch hier muss die Massa ja irgendwo hin. Zudem seiht das ein wenig albern aus, nicht ganz so passend wie die Zeichnungen von Marquez.\n<\/td>\n<\/tr>\n<\/table>\n<table>\n<tr>\n<td>\n<a href=\"https:\/\/i0.wp.com\/nerdenthum.de\/wp-content\/uploads\/2016\/01\/tm0051.jpg\"><img data-recalc-dims=\"1\" loading=\"lazy\" decoding=\"async\" src=\"https:\/\/i0.wp.com\/nerdenthum.de\/wp-content\/uploads\/2016\/01\/tm0051.jpg?resize=300%2C271\" alt=\"tm005[1]\" width=\"300\" height=\"271\" class=\"aligncenter size-medium wp-image-6073\" srcset=\"https:\/\/i0.wp.com\/nerdenthum.de\/wp-content\/uploads\/2016\/01\/tm0051.jpg?resize=300%2C271&amp;ssl=1 300w, https:\/\/i0.wp.com\/nerdenthum.de\/wp-content\/uploads\/2016\/01\/tm0051.jpg?w=577&amp;ssl=1 577w\" sizes=\"auto, (max-width: 300px) 100vw, 300px\" \/><\/a><\/td>\n<td>\n<a href=\"https:\/\/i0.wp.com\/nerdenthum.de\/wp-content\/uploads\/2016\/01\/tm0061.jpg\"><img data-recalc-dims=\"1\" loading=\"lazy\" decoding=\"async\" src=\"https:\/\/i0.wp.com\/nerdenthum.de\/wp-content\/uploads\/2016\/01\/tm0061.jpg?resize=146%2C300\" alt=\"tm006[1]\" width=\"146\" height=\"300\" class=\"aligncenter size-medium wp-image-6074\" srcset=\"https:\/\/i0.wp.com\/nerdenthum.de\/wp-content\/uploads\/2016\/01\/tm0061.jpg?resize=146%2C300&amp;ssl=1 146w, https:\/\/i0.wp.com\/nerdenthum.de\/wp-content\/uploads\/2016\/01\/tm0061.jpg?w=256&amp;ssl=1 256w\" sizes=\"auto, (max-width: 146px) 100vw, 146px\" \/><\/a><\/td>\n<\/tr>\n<tr>\n<td colspan=\"2\">\nEine witzige Funktion ist die Unsichtbarkeit. Dabei wird nicht alles unsichtbar sondern nur die R\u00fcstung, so das der Tr\u00e4ger normal erscheint. F\u00fcr \u00dcberraschungsangriffe gut geeignet.<\/td>\n<\/tr>\n<\/table>\n<table>\n<tr>\n<td>\n<a href=\"https:\/\/i0.wp.com\/nerdenthum.de\/wp-content\/uploads\/2016\/01\/tm0071.jpg\"><img data-recalc-dims=\"1\" loading=\"lazy\" decoding=\"async\" src=\"https:\/\/i0.wp.com\/nerdenthum.de\/wp-content\/uploads\/2016\/01\/tm0071.jpg?resize=300%2C300\" alt=\"tm007[1]\" width=\"300\" height=\"300\" class=\"aligncenter size-medium wp-image-6075\" srcset=\"https:\/\/i0.wp.com\/nerdenthum.de\/wp-content\/uploads\/2016\/01\/tm0071.jpg?resize=300%2C300&amp;ssl=1 300w, https:\/\/i0.wp.com\/nerdenthum.de\/wp-content\/uploads\/2016\/01\/tm0071.jpg?resize=150%2C150&amp;ssl=1 150w, https:\/\/i0.wp.com\/nerdenthum.de\/wp-content\/uploads\/2016\/01\/tm0071.jpg?w=523&amp;ssl=1 523w\" sizes=\"auto, (max-width: 300px) 100vw, 300px\" \/><\/a><\/td>\n<\/tr>\n<tr>\n<td>\nEine Waffenplattform Konfiguration gibt es auch. Fetter Fernkampfangriff aus der Luft.\n<\/td>\n<\/tr>\n<\/table>\n<table>\n<tr>\n<td>\n<a href=\"https:\/\/i0.wp.com\/nerdenthum.de\/wp-content\/uploads\/2016\/01\/tm0081.jpg\"><img data-recalc-dims=\"1\" loading=\"lazy\" decoding=\"async\" src=\"https:\/\/i0.wp.com\/nerdenthum.de\/wp-content\/uploads\/2016\/01\/tm0081.jpg?resize=300%2C121\" alt=\"tm008[1]\" width=\"300\" height=\"121\" class=\"aligncenter size-medium wp-image-6076\" srcset=\"https:\/\/i0.wp.com\/nerdenthum.de\/wp-content\/uploads\/2016\/01\/tm0081.jpg?resize=300%2C121&amp;ssl=1 300w, https:\/\/i0.wp.com\/nerdenthum.de\/wp-content\/uploads\/2016\/01\/tm0081.jpg?resize=768%2C310&amp;ssl=1 768w, https:\/\/i0.wp.com\/nerdenthum.de\/wp-content\/uploads\/2016\/01\/tm0081.jpg?w=800&amp;ssl=1 800w\" sizes=\"auto, (max-width: 300px) 100vw, 300px\" \/><\/a>\n<\/td>\n<td>\n<a href=\"https:\/\/i0.wp.com\/nerdenthum.de\/wp-content\/uploads\/2016\/01\/tm0091.jpg\"><img data-recalc-dims=\"1\" loading=\"lazy\" decoding=\"async\" src=\"https:\/\/i0.wp.com\/nerdenthum.de\/wp-content\/uploads\/2016\/01\/tm0091.jpg?resize=300%2C137\" alt=\"tm009[1]\" width=\"300\" height=\"137\" class=\"aligncenter size-medium wp-image-6077\" srcset=\"https:\/\/i0.wp.com\/nerdenthum.de\/wp-content\/uploads\/2016\/01\/tm0091.jpg?resize=300%2C137&amp;ssl=1 300w, https:\/\/i0.wp.com\/nerdenthum.de\/wp-content\/uploads\/2016\/01\/tm0091.jpg?w=621&amp;ssl=1 621w\" sizes=\"auto, (max-width: 300px) 100vw, 300px\" \/><\/a><\/td>\n<\/tr>\n<tr>\n<td colspan=\"2\">\nEs gibt auch eine Sicherheitsfunktion welche die R\u00fcstung in ihre Bestandteile zerlegt und das ziemlich explosionsartig. Das verwirrt den Gegner, sorgt daf\u00fcr das Tony irgendwo sicher abgesetzt werden kann und dann die R\u00fcstung Fernsteuert.<br \/>\nWenn die Gefahr behoben ist kehrt die R\u00fcstung zu Tony zur\u00fcck und h\u00fcllt ihn wieder ein.\n<\/td>\n<\/tr>\n<\/table>\n<table>\n<tr>\n<td>\n<a href=\"https:\/\/i0.wp.com\/nerdenthum.de\/wp-content\/uploads\/2016\/01\/tm0101.jpg\"><img data-recalc-dims=\"1\" loading=\"lazy\" decoding=\"async\" src=\"https:\/\/i0.wp.com\/nerdenthum.de\/wp-content\/uploads\/2016\/01\/tm0101.jpg?resize=300%2C176\" alt=\"tm010[1]\" width=\"300\" height=\"176\" class=\"aligncenter size-medium wp-image-6078\" srcset=\"https:\/\/i0.wp.com\/nerdenthum.de\/wp-content\/uploads\/2016\/01\/tm0101.jpg?resize=300%2C176&amp;ssl=1 300w, https:\/\/i0.wp.com\/nerdenthum.de\/wp-content\/uploads\/2016\/01\/tm0101.jpg?w=671&amp;ssl=1 671w\" sizes=\"auto, (max-width: 300px) 100vw, 300px\" \/><\/a><\/td>\n<td>\n<a href=\"https:\/\/i0.wp.com\/nerdenthum.de\/wp-content\/uploads\/2016\/01\/tm0111.jpg\"><img data-recalc-dims=\"1\" loading=\"lazy\" decoding=\"async\" src=\"https:\/\/i0.wp.com\/nerdenthum.de\/wp-content\/uploads\/2016\/01\/tm0111.jpg?resize=300%2C120\" alt=\"tm011[1]\" width=\"300\" height=\"120\" class=\"aligncenter size-medium wp-image-6079\" srcset=\"https:\/\/i0.wp.com\/nerdenthum.de\/wp-content\/uploads\/2016\/01\/tm0111.jpg?resize=300%2C120&amp;ssl=1 300w, https:\/\/i0.wp.com\/nerdenthum.de\/wp-content\/uploads\/2016\/01\/tm0111.jpg?resize=768%2C308&amp;ssl=1 768w, https:\/\/i0.wp.com\/nerdenthum.de\/wp-content\/uploads\/2016\/01\/tm0111.jpg?resize=1024%2C411&amp;ssl=1 1024w, https:\/\/i0.wp.com\/nerdenthum.de\/wp-content\/uploads\/2016\/01\/tm0111.jpg?w=1281&amp;ssl=1 1281w\" sizes=\"auto, (max-width: 300px) 100vw, 300px\" \/><\/a><\/td>\n<\/tr>\n<tr>\n<td colspan=\"2\">\nEine eher traditionelle Tarnfunktion gibt es auch. Wobei hier erstmal nur die Farbe ge\u00e4ndert wurde. Es ist davon auszugehen das hier, wie auch in anderen R\u00fcstungen, das volle Programm, also Tarnung vor Radar, Infrarot und sonstige M\u00f6glichkeiten eingebaut ist.\n<\/td>\n<\/tr>\n<\/table>\n<table>\n<tr>\n<td>\n<a href=\"https:\/\/i0.wp.com\/nerdenthum.de\/wp-content\/uploads\/2016\/01\/tm0121.jpg\"><img data-recalc-dims=\"1\" loading=\"lazy\" decoding=\"async\" src=\"https:\/\/i0.wp.com\/nerdenthum.de\/wp-content\/uploads\/2016\/01\/tm0121.jpg?resize=207%2C300\" alt=\"tm012[1]\" width=\"207\" height=\"300\" class=\"aligncenter size-medium wp-image-6080\" srcset=\"https:\/\/i0.wp.com\/nerdenthum.de\/wp-content\/uploads\/2016\/01\/tm0121.jpg?resize=207%2C300&amp;ssl=1 207w, https:\/\/i0.wp.com\/nerdenthum.de\/wp-content\/uploads\/2016\/01\/tm0121.jpg?w=446&amp;ssl=1 446w\" sizes=\"auto, (max-width: 207px) 100vw, 207px\" \/><\/a><\/td>\n<td>\n<a href=\"https:\/\/i0.wp.com\/nerdenthum.de\/wp-content\/uploads\/2016\/01\/tm0131.jpg\"><img data-recalc-dims=\"1\" loading=\"lazy\" decoding=\"async\" src=\"https:\/\/i0.wp.com\/nerdenthum.de\/wp-content\/uploads\/2016\/01\/tm0131.jpg?resize=300%2C158\" alt=\"tm013[1]\" width=\"300\" height=\"158\" class=\"aligncenter size-medium wp-image-6081\" srcset=\"https:\/\/i0.wp.com\/nerdenthum.de\/wp-content\/uploads\/2016\/01\/tm0131.jpg?resize=300%2C158&amp;ssl=1 300w, https:\/\/i0.wp.com\/nerdenthum.de\/wp-content\/uploads\/2016\/01\/tm0131.jpg?resize=768%2C404&amp;ssl=1 768w, https:\/\/i0.wp.com\/nerdenthum.de\/wp-content\/uploads\/2016\/01\/tm0131.jpg?resize=1024%2C538&amp;ssl=1 1024w, https:\/\/i0.wp.com\/nerdenthum.de\/wp-content\/uploads\/2016\/01\/tm0131.jpg?resize=390%2C205&amp;ssl=1 390w, https:\/\/i0.wp.com\/nerdenthum.de\/wp-content\/uploads\/2016\/01\/tm0131.jpg?w=1303&amp;ssl=1 1303w\" sizes=\"auto, (max-width: 300px) 100vw, 300px\" \/><\/a><\/tr>\n<tr>\n<td colspan=\"2\">\nIm Kampf gegen Ninjas kommt dann diese schicke Modifikation zum Einsatz, eine Samurei-Variante die etwas mehr Schutz gegen Schwertangriffe bietet. Das macht nat\u00fcrlich nur Sinn es wenn sich um High-Tech Samureis handelt deren Schwerter \u00fcberhaupt eine Gefahr f\u00fcr die normale R\u00fcstung darstellen k\u00f6nnen.\n<\/td>\n<\/tr>\n<\/table>\n<table>\n<tr>\n<td>\n<a href=\"https:\/\/i0.wp.com\/nerdenthum.de\/wp-content\/uploads\/2016\/01\/tm0141.jpg\"><img data-recalc-dims=\"1\" loading=\"lazy\" decoding=\"async\" src=\"https:\/\/i0.wp.com\/nerdenthum.de\/wp-content\/uploads\/2016\/01\/tm0141.jpg?resize=300%2C173\" alt=\"tm014[1]\" width=\"300\" height=\"173\" class=\"aligncenter size-medium wp-image-6082\" srcset=\"https:\/\/i0.wp.com\/nerdenthum.de\/wp-content\/uploads\/2016\/01\/tm0141.jpg?resize=300%2C173&amp;ssl=1 300w, https:\/\/i0.wp.com\/nerdenthum.de\/wp-content\/uploads\/2016\/01\/tm0141.jpg?w=739&amp;ssl=1 739w\" sizes=\"auto, (max-width: 300px) 100vw, 300px\" \/><\/a><\/td>\n<\/tr>\n<tr>\n<td>\nLast but not least diese ziemlich niedliche Modifikation um einen skeptischen Fan in einem Kinderkrankenhaus f\u00fcr sich  zu gewinnen.<\/td>\n<\/tr>\n<\/table>\n<p>Vorherige R\u00fcstung: <a href=\"http:\/\/nerdenthum.de\/index.php\/ima\/comic\/bleeding-edge\/\">Bleeding Edge<\/a><\/p>\n","protected":false},"excerpt":{"rendered":"<p>Die Transformational Mark (so zumindest der Name auf dem Action Figure Variant Cover von Invincible Iron Man #1) wurde von Brian Michael Bendis zusammen mit David Marquez entworfen. Sie soll eine Vorteile der bekannten R\u00fcstungen vereinen und sich beliebig verwandeln k\u00f6nnen und das alles ohne eine direkte Bindung an Tonys K\u00f6rper zu haben wie das [&hellip;]<\/p>\n","protected":false},"author":1,"featured_media":0,"parent":5029,"menu_order":0,"comment_status":"closed","ping_status":"closed","template":"","meta":{"ngg_post_thumbnail":0,"footnotes":""},"class_list":["post-6031","page","type-page","status-publish","hentry"],"jetpack_likes_enabled":true,"_links":{"self":[{"href":"https:\/\/nerdenthum.de\/index.php\/wp-json\/wp\/v2\/pages\/6031","targetHints":{"allow":["GET"]}}],"collection":[{"href":"https:\/\/nerdenthum.de\/index.php\/wp-json\/wp\/v2\/pages"}],"about":[{"href":"https:\/\/nerdenthum.de\/index.php\/wp-json\/wp\/v2\/types\/page"}],"author":[{"embeddable":true,"href":"https:\/\/nerdenthum.de\/index.php\/wp-json\/wp\/v2\/users\/1"}],"replies":[{"embeddable":true,"href":"https:\/\/nerdenthum.de\/index.php\/wp-json\/wp\/v2\/comments?post=6031"}],"version-history":[{"count":2,"href":"https:\/\/nerdenthum.de\/index.php\/wp-json\/wp\/v2\/pages\/6031\/revisions"}],"predecessor-version":[{"id":6083,"href":"https:\/\/nerdenthum.de\/index.php\/wp-json\/wp\/v2\/pages\/6031\/revisions\/6083"}],"up":[{"embeddable":true,"href":"https:\/\/nerdenthum.de\/index.php\/wp-json\/wp\/v2\/pages\/5029"}],"wp:attachment":[{"href":"https:\/\/nerdenthum.de\/index.php\/wp-json\/wp\/v2\/media?parent=6031"}],"curies":[{"name":"wp","href":"https:\/\/api.w.org\/{rel}","templated":true}]}}