{"id":6900,"date":"2016-10-25T09:36:01","date_gmt":"2016-10-25T07:36:01","guid":{"rendered":"http:\/\/nerdenthum.de\/?page_id=6900"},"modified":"2017-05-09T12:48:57","modified_gmt":"2017-05-09T10:48:57","slug":"datenquellen-analyse-us-comicmarkt","status":"publish","type":"page","link":"https:\/\/nerdenthum.de\/index.php\/datenquellen-analyse-us-comicmarkt\/","title":{"rendered":"Datenquellen Analyse US Comicmarkt"},"content":{"rendered":"<p>Die Daten f\u00fcr meine Analyse des US Comicmarktes stammen alle von der Seite <a href=\"http:\/\/www.comichron.com\/\" target=\"_blank\">www.comichron.com<\/a>. Hier analysiert der Autor John Jackson Miller jeden Monat den nordamerikanischen Comicmarkt, hatte immer mal wieder nette Anmerkungen zu einigen Daten und f\u00fchrt ein umfangreiches Archiv. Wer des englischen m\u00e4chtig ist kann sich nat\u00fcrlich auch dort immer mal wieder informieren. Ich bereits diese Zahlen nochmal grafisch auf weil ich denke das man so Trends und Entwicklungen besser erkennen kann.<\/p>\n<p>Die Daten stammen vom gr\u00f6\u00dften und marktbeherrschenden Vertrieb in den USA: Diamond. Seit 2003 werden hier die Anzahl der Hefte aufgef\u00fchrt die in einem bestimmten Monat deren Warenhaus verlassen hat. <a href=\"http:\/\/blog.comichron.com\/2009\/03\/diamond-charts-primer-what-they-are-and.html\" target=\"_blank\">Nicht enthalten sind<\/a>:<\/p>\n<ul>\n<li>Comics die au\u00dferhalb des Monats verschickt wurden (z.B. Nachbestellungen in einem sp\u00e4teren Monat)<\/li>\n<li>Comics die au\u00dferhalb von Nord Amerika geliefert wurden (z.B. Europa, England macht etwa 10% der Zahlen aus)<\/li>\n<li>Comics die in Buchl\u00e4den oder an den Kiosk geliefert werden. Hier sind die gr\u00f6\u00dften Mengen die Sammelb\u00e4nde in den Buchl\u00e4den, da in den USA am Kiosk kaum Comics verkauft werden.<\/li>\n<li>digital verkaufte Comics (nochmal ca. 10% <a href=\"http:\/\/blog.comichron.com\/2016\/07\/comics-and-graphic-novel-sales-top-1.html\" target=\"_blank\">Stand 2015<\/a>)<\/li>\n<\/ul>\n<p>Diese Zahlen beinhalten also NICHT was an Ausgaben tats\u00e4chlich an Endkunden gegangen ist. Zus\u00e4tzlich besteht bei einigen Titel die M\u00f6glichkeit nicht verkaufte Ausgaben wieder zur\u00fcck zu gebebe, daher werden Verk\u00e4ufe dieser Titel mit 10% weniger angegeben. <a href=\"http:\/\/blog.comichron.com\/2016\/09\/ignore-asterisks-most-returnable-comics.html\" target=\"_blank\">Analysen<\/a> zeigen allerdings das in den letzten Jahren solche Titel sich besser verkauft haben als die 90% mit denen sie angegeben sind.<\/p>\n<p>Ein weiterer wichtiger Punkt ist der Zeitversatz durch die Vorbestellung. Ein H\u00e4ndler muss ca. 3 Wochen vor erscheinen einen Titel vorbestellen. So ergibt sich oftmals ein Versatz von einem oder sogar zwei Monaten bis die Vorlieben des Endkunden sich in den Zahlen wiederspiegeln.<\/p>\n<p>Aus diesen Zahlen nehme ich dann wieder nur die f\u00fcr die Top 300 Titel. Die Seite bietet mir sonst keinen vern\u00fcnftigen Vergleich zwischen Comics und Sammelb\u00e4nden (Tradepaperbacks oder TPB). Insgesamt ist es also keine tats\u00e4chliche Cent-genaue Betrachtung des Marktes sondern eine Trend-Analyse. <\/p>\n<p>Grunds\u00e4tzlich ist es aufgrund der oben beschriebenen Ungenauigkeit ein Problem die Verkaufsr\u00e4nge eines Monats miteinander zu vergleichen. Ob sich ein Heft nun 15 % besser verkauft als ein anderes Heft l\u00e4sst sich \u00fcber diese Zahlen gar nicht mit Sicherheit aussagen, sie machen h\u00f6chstens im Monatsvergleich innerhalb der selben Serie Sinn. Die Summen jedoch gleichen diese Ungenauigkeiten etwas aus und sind daher als Trendanalyse durchaus brauchbar.<\/p>\n","protected":false},"excerpt":{"rendered":"<p>Die Daten f\u00fcr meine Analyse des US Comicmarktes stammen alle von der Seite www.comichron.com. Hier analysiert der Autor John Jackson Miller jeden Monat den nordamerikanischen Comicmarkt, hatte immer mal wieder nette Anmerkungen zu einigen Daten und f\u00fchrt ein umfangreiches Archiv. Wer des englischen m\u00e4chtig ist kann sich nat\u00fcrlich auch dort immer mal wieder informieren. Ich [&hellip;]<\/p>\n","protected":false},"author":1,"featured_media":0,"parent":0,"menu_order":0,"comment_status":"closed","ping_status":"closed","template":"","meta":{"ngg_post_thumbnail":0,"footnotes":""},"class_list":["post-6900","page","type-page","status-publish","hentry"],"jetpack_likes_enabled":true,"_links":{"self":[{"href":"https:\/\/nerdenthum.de\/index.php\/wp-json\/wp\/v2\/pages\/6900","targetHints":{"allow":["GET"]}}],"collection":[{"href":"https:\/\/nerdenthum.de\/index.php\/wp-json\/wp\/v2\/pages"}],"about":[{"href":"https:\/\/nerdenthum.de\/index.php\/wp-json\/wp\/v2\/types\/page"}],"author":[{"embeddable":true,"href":"https:\/\/nerdenthum.de\/index.php\/wp-json\/wp\/v2\/users\/1"}],"replies":[{"embeddable":true,"href":"https:\/\/nerdenthum.de\/index.php\/wp-json\/wp\/v2\/comments?post=6900"}],"version-history":[{"count":6,"href":"https:\/\/nerdenthum.de\/index.php\/wp-json\/wp\/v2\/pages\/6900\/revisions"}],"predecessor-version":[{"id":9818,"href":"https:\/\/nerdenthum.de\/index.php\/wp-json\/wp\/v2\/pages\/6900\/revisions\/9818"}],"wp:attachment":[{"href":"https:\/\/nerdenthum.de\/index.php\/wp-json\/wp\/v2\/media?parent=6900"}],"curies":[{"name":"wp","href":"https:\/\/api.w.org\/{rel}","templated":true}]}}